{"id":263,"date":"2018-06-21T09:01:52","date_gmt":"2018-06-21T09:01:52","guid":{"rendered":"http:\/\/www.kirpsukkamoves.fi\/?page_id=263"},"modified":"2026-02-13T10:08:31","modified_gmt":"2026-02-13T10:08:31","slug":"ota-yhteytta","status":"publish","type":"page","link":"https:\/\/www.kirpsukkamoves.fi\/?page_id=263","title":{"rendered":"Ota Yhteytt\u00e4"},"content":{"rendered":"<h1><a href=\"http:\/\/www.kirpsukkamoves.fi\/wp-content\/uploads\/2018\/06\/LinnaKirsi.jpg\"><img loading=\"lazy\" decoding=\"async\" class=\"wp-image-103 alignleft\" src=\"http:\/\/www.kirpsukkamoves.fi\/wp-content\/uploads\/2018\/06\/LinnaKirsi-300x300.jpg\" alt=\"\" width=\"271\" height=\"271\" srcset=\"https:\/\/www.kirpsukkamoves.fi\/wp-content\/uploads\/2018\/06\/LinnaKirsi-300x300.jpg 300w, https:\/\/www.kirpsukkamoves.fi\/wp-content\/uploads\/2018\/06\/LinnaKirsi-150x150.jpg 150w, https:\/\/www.kirpsukkamoves.fi\/wp-content\/uploads\/2018\/06\/LinnaKirsi.jpg 635w\" sizes=\"auto, (max-width: 271px) 100vw, 271px\" \/><\/a><\/h1>\n<p>Kirpsukka Moves<br \/>\nY-tunnus: 2859675-8<\/p>\n<p>Kirsi Uusim\u00e4ki<br \/>\nkirsi@kirpsukkamoves.fi<br \/>\nPuh: +358 40 58 21 789<\/p>\n<p>L\u00f6yd\u00e4t minut my\u00f6s:\u00a0<a href=\"https:\/\/www.facebook.com\/KirpsukkaMoves\/\" target=\"_blank\" rel=\"noopener\"><img loading=\"lazy\" decoding=\"async\" class=\"size-full wp-image-24 alignright\" src=\"http:\/\/www.kirpsukkamoves.fi\/wp-content\/uploads\/2018\/06\/somefb.jpg\" alt=\"\" width=\"52\" height=\"54\" \/><\/a><a href=\"https:\/\/www.instagram.com\/kirpsukkamoves\/\" target=\"_blank\" rel=\"noopener\"><img loading=\"lazy\" decoding=\"async\" class=\"size-full wp-image-25 alignright\" src=\"http:\/\/www.kirpsukkamoves.fi\/wp-content\/uploads\/2018\/06\/someinsta.jpg\" alt=\"\" width=\"54\" height=\"53\" \/><\/a><br \/>\n<a href=\"https:\/\/www.facebook.com\/KirpsukkaMoves\/\" target=\"_blank\" rel=\"noopener\">Facebook<\/a><a href=\"https:\/\/www.facebook.com\/KirpsukkaMoves\/\" target=\"_blank\" rel=\"noopener\">ista<\/a><br \/>\n<a href=\"https:\/\/www.instagram.com\/kirpsukkamoves\/\" target=\"_blank\" rel=\"noopener\">Instagram<\/a><a href=\"https:\/\/www.instagram.com\/kirpsukkamoves\/\" target=\"_blank\" rel=\"noopener\">ista<\/a><\/p>\n<p><span style=\"color: #ff0000;\"><strong>Yhteydenottolomake:<\/strong><\/span><br \/>\n\n<div class=\"wpcf7 no-js\" id=\"wpcf7-f189-o1\" lang=\"fi\" dir=\"ltr\" data-wpcf7-id=\"189\">\n<div class=\"screen-reader-response\"><p role=\"status\" aria-live=\"polite\" aria-atomic=\"true\"><\/p> <ul><\/ul><\/div>\n<form action=\"\/index.php?rest_route=%2Fwp%2Fv2%2Fpages%2F263#wpcf7-f189-o1\" method=\"post\" class=\"wpcf7-form init\" aria-label=\"Yhteydenottolomake\" novalidate=\"novalidate\" data-status=\"init\">\n<fieldset class=\"hidden-fields-container\"><input type=\"hidden\" name=\"_wpcf7\" value=\"189\" \/><input type=\"hidden\" name=\"_wpcf7_version\" value=\"6.1.5\" \/><input type=\"hidden\" name=\"_wpcf7_locale\" value=\"fi\" \/><input type=\"hidden\" name=\"_wpcf7_unit_tag\" value=\"wpcf7-f189-o1\" \/><input type=\"hidden\" name=\"_wpcf7_container_post\" value=\"0\" \/><input type=\"hidden\" name=\"_wpcf7_posted_data_hash\" value=\"\" \/>\n<\/fieldset>\n<p><label> Nimi<br \/>\n<span class=\"wpcf7-form-control-wrap\" data-name=\"your-name\"><input size=\"40\" maxlength=\"400\" class=\"wpcf7-form-control wpcf7-text wpcf7-validates-as-required\" aria-required=\"true\" aria-invalid=\"false\" value=\"\" type=\"text\" name=\"your-name\" \/><\/span> <\/label>\n<\/p>\n<p><label> S\u00e4hk\u00f6posti<br \/>\n<span class=\"wpcf7-form-control-wrap\" data-name=\"your-email\"><input size=\"40\" maxlength=\"400\" class=\"wpcf7-form-control wpcf7-email wpcf7-validates-as-required wpcf7-text wpcf7-validates-as-email\" aria-required=\"true\" aria-invalid=\"false\" value=\"\" type=\"email\" name=\"your-email\" \/><\/span> <\/label>\n<\/p>\n<p><label> Puhelinnumero<br \/>\n<span class=\"wpcf7-form-control-wrap\" data-name=\"Puh\"><input size=\"40\" maxlength=\"400\" class=\"wpcf7-form-control wpcf7-tel wpcf7-text wpcf7-validates-as-tel\" aria-invalid=\"false\" value=\"\" type=\"tel\" name=\"Puh\" \/><\/span> <\/label>\n<\/p>\n<p><span class=\"wpcf7-form-control-wrap\" data-name=\"checkbox-864\"><span class=\"wpcf7-form-control wpcf7-checkbox\"><span class=\"wpcf7-list-item first last\"><span class=\"wpcf7-list-item-label\">Haluan liitty\u00e4 Kirpsukka Moves s\u00e4hk\u00f6postilistalle<\/span><input type=\"checkbox\" name=\"checkbox-864[]\" value=\"Haluan liitty\u00e4 Kirpsukka Moves s\u00e4hk\u00f6postilistalle\" \/><\/span><\/span><\/span>\n<\/p>\n<p><label> Aihe<br \/>\n<span class=\"wpcf7-form-control-wrap\" data-name=\"your-subject\"><input size=\"40\" maxlength=\"400\" class=\"wpcf7-form-control wpcf7-text\" aria-invalid=\"false\" value=\"\" type=\"text\" name=\"your-subject\" \/><\/span> <\/label>\n<\/p>\n<p><label> Viesti<br \/>\n<span class=\"wpcf7-form-control-wrap\" data-name=\"your-message\"><textarea cols=\"40\" rows=\"10\" maxlength=\"2000\" class=\"wpcf7-form-control wpcf7-textarea\" aria-invalid=\"false\" name=\"your-message\"><\/textarea><\/span> <\/label>\n<\/p>\n<p><input class=\"wpcf7-form-control wpcf7-submit has-spinner\" type=\"submit\" value=\"L\u00e4het\u00e4\" \/>\n<\/p><p style=\"display: none !important;\" class=\"akismet-fields-container\" data-prefix=\"_wpcf7_ak_\"><label>&#916;<textarea name=\"_wpcf7_ak_hp_textarea\" cols=\"45\" rows=\"8\" maxlength=\"100\"><\/textarea><\/label><input type=\"hidden\" id=\"ak_js_1\" name=\"_wpcf7_ak_js\" value=\"23\"\/><script>document.getElementById( \"ak_js_1\" ).setAttribute( \"value\", ( new Date() ).getTime() );<\/script><\/p><div class=\"wpcf7-response-output\" aria-hidden=\"true\"><\/div>\n<\/form>\n<\/div>\n<\/p>\n","protected":false},"excerpt":{"rendered":"<p>Kirpsukka Moves Y-tunnus: 2859675-8 Kirsi Uusim\u00e4ki kirsi@kirpsukkamoves.fi Puh: +358 40 58 21 789 L\u00f6yd\u00e4t minut my\u00f6s:\u00a0 Facebookista Instagramista Yhteydenottolomake:<\/p>\n","protected":false},"author":1,"featured_media":0,"parent":0,"menu_order":6,"comment_status":"closed","ping_status":"closed","template":"","meta":{"footnotes":""},"class_list":["post-263","page","type-page","status-publish","hentry"],"_links":{"self":[{"href":"https:\/\/www.kirpsukkamoves.fi\/index.php?rest_route=\/wp\/v2\/pages\/263","targetHints":{"allow":["GET"]}}],"collection":[{"href":"https:\/\/www.kirpsukkamoves.fi\/index.php?rest_route=\/wp\/v2\/pages"}],"about":[{"href":"https:\/\/www.kirpsukkamoves.fi\/index.php?rest_route=\/wp\/v2\/types\/page"}],"author":[{"embeddable":true,"href":"https:\/\/www.kirpsukkamoves.fi\/index.php?rest_route=\/wp\/v2\/users\/1"}],"replies":[{"embeddable":true,"href":"https:\/\/www.kirpsukkamoves.fi\/index.php?rest_route=%2Fwp%2Fv2%2Fcomments&post=263"}],"version-history":[{"count":8,"href":"https:\/\/www.kirpsukkamoves.fi\/index.php?rest_route=\/wp\/v2\/pages\/263\/revisions"}],"predecessor-version":[{"id":2692,"href":"https:\/\/www.kirpsukkamoves.fi\/index.php?rest_route=\/wp\/v2\/pages\/263\/revisions\/2692"}],"wp:attachment":[{"href":"https:\/\/www.kirpsukkamoves.fi\/index.php?rest_route=%2Fwp%2Fv2%2Fmedia&parent=263"}],"curies":[{"name":"wp","href":"https:\/\/api.w.org\/{rel}","templated":true}]}}