{"id":2436,"date":"2025-06-17T08:34:24","date_gmt":"2025-06-17T08:34:24","guid":{"rendered":"https:\/\/www.kirpsukkamoves.fi\/?page_id=2436"},"modified":"2025-10-03T10:21:26","modified_gmt":"2025-10-03T10:21:26","slug":"kirpsukan-liikuntatiimi","status":"publish","type":"page","link":"https:\/\/www.kirpsukkamoves.fi\/?page_id=2436","title":{"rendered":"Kirpsukan Liikunta- ja tapahtumatiimi"},"content":{"rendered":"<div dir=\"auto\">Kirpsukka Moves Liikunta- ja Tapahtumatiimist\u00e4<\/div>\n<div dir=\"auto\">l\u00f6yd\u00e4t osaajia moneen \u2013 liikunnasta ja tanssista hyvinvointiin, esiintymisest\u00e4 ja juonnoista tapahtumien suunnitteluun.<\/div>\n\n\n<div class=\"wp-block-media-text is-stacked-on-mobile\" style=\"grid-template-columns:29% auto\"><figure class=\"wp-block-media-text__media\"><img loading=\"lazy\" decoding=\"async\" width=\"417\" height=\"518\" src=\"https:\/\/www.kirpsukkamoves.fi\/wp-content\/uploads\/2025\/08\/kirsi.png\" alt=\"\" class=\"wp-image-2516 size-full\" srcset=\"https:\/\/www.kirpsukkamoves.fi\/wp-content\/uploads\/2025\/08\/kirsi.png 417w, https:\/\/www.kirpsukkamoves.fi\/wp-content\/uploads\/2025\/08\/kirsi-242x300.png 242w\" sizes=\"auto, (max-width: 417px) 100vw, 417px\" \/><\/figure><div class=\"wp-block-media-text__content\">\n<p><strong>Kirsi Uusim\u00e4ki<\/strong><br><em>Kirpsukka Liikunta- ja tapahtumatiimin vet\u00e4j\u00e4<\/em><\/p>\n\n\n\n<p>Olen Kirpsukka Movesin perustaja ja yli 20 vuoden kokemuksella ohjaan liikuntaa, tanssia ja hyvinvointia. Syd\u00e4meni sykkii liikkeen ilolle, yhteis\u00f6llisyydelle ja tapahtumille, jotka j\u00e4\u00e4v\u00e4t mieleen. Vet\u00e4j\u00e4n\u00e4 huolehdin siit\u00e4, ett\u00e4 tiimimme toteuttaa tilaisuudet ammattimaisesti ja hyv\u00e4ll\u00e4 fiiliksell\u00e4.<\/p>\n\n\n\n<p><strong>Erityisosaaminen:<\/strong> tapahtumien suunnittelu ja toteutus, rivitanssi, tanssilliset jumpat, kahvakuula, HIIT, lihaskuntoharjoittelu, YogaFlex ja \u00e4\u00e4nimaljarentoutus.<br><strong>TILAUKSET: <\/strong>kirsi@kirpsukkamoves.fi \/ +358 40 58 21 789<\/p>\n\n\n\n<p>___________________________________<\/p>\n<\/div><\/div>\n\n\n\n<div class=\"wp-block-media-text is-stacked-on-mobile\" style=\"grid-template-columns:29% auto\"><figure class=\"wp-block-media-text__media\"><img loading=\"lazy\" decoding=\"async\" width=\"418\" height=\"527\" src=\"https:\/\/www.kirpsukkamoves.fi\/wp-content\/uploads\/2025\/08\/ani.png\" alt=\"\" class=\"wp-image-2517 size-full\" srcset=\"https:\/\/www.kirpsukkamoves.fi\/wp-content\/uploads\/2025\/08\/ani.png 418w, https:\/\/www.kirpsukkamoves.fi\/wp-content\/uploads\/2025\/08\/ani-238x300.png 238w\" sizes=\"auto, (max-width: 418px) 100vw, 418px\" \/><\/figure><div class=\"wp-block-media-text__content\">\n<p><br><br><strong>Ani Kellom\u00e4ki<\/strong><br><em>Juontaja, sanataideohjaaja, esiintymiskouluttaja <\/em><br><br>Ani on toimittaja ja kirjailija, jolla on pitk\u00e4 kokemus my\u00f6s kirjoituskurssien vet\u00e4j\u00e4n\u00e4 ja tv-esiintyj\u00e4n\u00e4. H\u00e4n on iloinen ja empaattinen haastattelemisen ja keskustelun ammattilainen, joka ei mene lukkoon isojenkaan yleis\u00f6jen edess\u00e4.&nbsp;<br>Anin luotsaamana onnistuvat yritysten tyhy-p\u00e4ivien ja juhlien monipuoliset ohjelmat erimittaisista kirjoituspajoista keskustelujen fasilitointiin, juontoteht\u00e4viin ja esiintymiskoulutuksiin.&nbsp;<br>N\u00e4hd\u00e4\u00e4np\u00e4 vuodesta 2003 tanssinut Ani toisinaan rivitanssin apuohjaajanakin.&nbsp;<br><strong>Erityisosaaminen:<\/strong> Innostaminen, luovuuden ruokkiminen, kirjoittaminen, juontoty\u00f6t. keskusteluttaminen.&nbsp;<\/p>\n\n\n\n<p>___________________________________<\/p>\n<\/div><\/div>\n\n\n\n<div class=\"wp-block-media-text is-stacked-on-mobile\" style=\"grid-template-columns:29% auto\"><figure class=\"wp-block-media-text__media\"><img decoding=\"async\" src=\"https:\/\/www.kirpsukkamoves.fi\/wp-content\/uploads\/2025\/09\/anniina.jpg\" alt=\"\" class=\"wp-image-2517 size-full\"\/><\/figure><div class=\"wp-block-media-text__content\">\n<p><br><br><strong>Anniina Vuonnelsalo<\/strong><br> <em>liikuntaneuvoja, personal trainer ja tanssinopettaja<\/em><br><br>Anniina on monipuolinen liikunnan ja tanssin ammattilainen, jonka supervoimia ovat luovuus, innostus ja t\u00e4ysill\u00e4 heitt\u00e4ytyminen. H\u00e4nell\u00e4 on laaja kokemus ryhm\u00e4liikunnan ja tanssin ohjauksesta sek\u00e4 erilaisten liikunta- ja tanssitapahtumien j\u00e4rjest\u00e4misest\u00e4 niin Suomessa kuin ulkomailla. Anniina tuo tiimiin energisen otteensa ja osaamisensa toiminnallisen harjoittelun, tanssinopetuksen ja esiintymisen parista. H\u00e4n on my\u00f6s toiminut puhujana ja podcast-juontajana, mik\u00e4 tuo lis\u00e4arvoa tapahtumien monipuoliseen sis\u00e4lt\u00f6\u00f6n.<br><strong>Erityisosaaminen:<\/strong> tanssinopetus, toiminnallinen harjoittelu, lihaskuntoharjoittelu, tapahtumien suunnittelu ja toteutus, esiintymiset ja puhekeikat.&nbsp;<\/p>\n\n\n\n<p>___________________________________<\/p>\n<\/div><\/div>\n\n\n\n<div class=\"wp-block-media-text is-stacked-on-mobile\" style=\"grid-template-columns:29% auto\"><figure class=\"wp-block-media-text__media\"><img decoding=\"async\" src=\"https:\/\/www.kirpsukkamoves.fi\/wp-content\/uploads\/2025\/10\/1000040810-scaled.jpg\" alt=\"\" class=\"wp-image-2517 size-full\"\/><\/figure><div class=\"wp-block-media-text__content\">\n<p><br><br><strong>Marjukka Larvala<\/strong><br>&#8221;Pomppukenk\u00e4&#8221; eli <em>Kangoo Jumps -ohjaaja <\/em><\/p>\n\n\n\n<p>Marjukka tuo tiimiin vauhtia ja energiaa Kangoo Jumps -tuntien muodossa ja saa tunnillaan jokaisen osallistujan hymyilem\u00e4\u00e4n ja innostumaan liikkeest\u00e4. <br>Marjukan vahvuuksia ovat iloinen asenne, energinen ohjaustyyli ja kyky saada koko porukka liikkumaan yhdess\u00e4. Tunneilla yhdistyv\u00e4t hauskuus, kunnonkohotus ja turvallinen ohjaus \u2013 hypyt kengill\u00e4 sopivat kaikenik\u00e4isille ja -tasoisille liikkujille. <\/p>\n\n\n\n<p><strong>Erityisosaaminen:<\/strong> Kangoo Jumps -tunnit, energinen ryhm\u00e4liikunta, liikunnan ilo<\/p>\n\n\n\n<p>___________________________________<\/p>\n<\/div><\/div>\n\n\n\n<p>Tiimimme toteuttaa yrityksille, yhteis\u00f6ille ja yksityisille unohtumattomia hetki\u00e4:<br>tyhy-p\u00e4iv\u00e4t | juhlat ja tapahtumat | energiset liikuntatuokiot<\/p>\n\n\n\n<p>Ota yhteytt\u00e4 ja r\u00e4\u00e4t\u00e4l\u00f6id\u00e4\u00e4n juuri teille sopiva ohjelma: <br>kirsi@kirpsukkamoves.fi | +358 40 58 21 789<\/p>\n","protected":false},"excerpt":{"rendered":"<p>Kirpsukka Moves Liikunta- ja Tapahtumatiimist\u00e4 l\u00f6yd\u00e4t osaajia moneen \u2013 liikunnasta ja tanssista hyvinvointiin, esiintymisest\u00e4 ja juonnoista tapahtumien suunnitteluun. Kirsi Uusim\u00e4kiKirpsukka Liikunta- ja tapahtumatiimin vet\u00e4j\u00e4 Olen Kirpsukka Movesin perustaja ja yli 20 vuoden kokemuksella ohjaan liikuntaa, tanssia ja hyvinvointia. Syd\u00e4meni sykkii liikkeen ilolle, yhteis\u00f6llisyydelle ja tapahtumille, jotka j\u00e4\u00e4v\u00e4t mieleen. Vet\u00e4j\u00e4n\u00e4 huolehdin siit\u00e4, ett\u00e4 tiimimme toteuttaa tilaisuudet<\/p><\/div>\n<div class=\"blog-btn\"><a href=\"https:\/\/www.kirpsukkamoves.fi\/?page_id=2436\" class=\"home-blog-btn\">Lue lis\u00e4\u00e4<\/a><\/p>\n","protected":false},"author":1,"featured_media":0,"parent":0,"menu_order":0,"comment_status":"closed","ping_status":"closed","template":"","meta":{"footnotes":""},"class_list":["post-2436","page","type-page","status-publish","hentry"],"_links":{"self":[{"href":"https:\/\/www.kirpsukkamoves.fi\/index.php?rest_route=\/wp\/v2\/pages\/2436","targetHints":{"allow":["GET"]}}],"collection":[{"href":"https:\/\/www.kirpsukkamoves.fi\/index.php?rest_route=\/wp\/v2\/pages"}],"about":[{"href":"https:\/\/www.kirpsukkamoves.fi\/index.php?rest_route=\/wp\/v2\/types\/page"}],"author":[{"embeddable":true,"href":"https:\/\/www.kirpsukkamoves.fi\/index.php?rest_route=\/wp\/v2\/users\/1"}],"replies":[{"embeddable":true,"href":"https:\/\/www.kirpsukkamoves.fi\/index.php?rest_route=%2Fwp%2Fv2%2Fcomments&post=2436"}],"version-history":[{"count":32,"href":"https:\/\/www.kirpsukkamoves.fi\/index.php?rest_route=\/wp\/v2\/pages\/2436\/revisions"}],"predecessor-version":[{"id":2620,"href":"https:\/\/www.kirpsukkamoves.fi\/index.php?rest_route=\/wp\/v2\/pages\/2436\/revisions\/2620"}],"wp:attachment":[{"href":"https:\/\/www.kirpsukkamoves.fi\/index.php?rest_route=%2Fwp%2Fv2%2Fmedia&parent=2436"}],"curies":[{"name":"wp","href":"https:\/\/api.w.org\/{rel}","templated":true}]}}