{"id":233,"date":"2018-06-17T21:12:04","date_gmt":"2018-06-17T21:12:04","guid":{"rendered":"http:\/\/www.kirpsukkamoves.fi\/?page_id=233"},"modified":"2025-09-26T09:37:43","modified_gmt":"2025-09-26T09:37:43","slug":"ryhmaliikunta-hinnasto","status":"publish","type":"page","link":"https:\/\/www.kirpsukkamoves.fi\/?page_id=233","title":{"rendered":"Ryhm\u00e4liikunta hinnasto"},"content":{"rendered":"<p><title> Ryhm\u00e4liikuntahinnasto | Kirpsukka Moves <\/title><\/p>\n<h3><\/h3>\n<h3 class=\"\" data-start=\"531\" data-end=\"571\">\ud83d\udd38<strong> Kirpsukka Moves ryhm\u00e4liikunta hinnasto<\/strong><\/h3>\n<ul>\n<li>kertamaksu 10\u20ac \/ 45-60 min<\/li>\n<li>kertamaksu 15\u20ac \/ 90 min<\/li>\n<li>Kymppikortti 85\u20ac (henkil\u00f6kohtainen, voimassaoloa ei rajoitettu)<br \/>\n<a href=\"http:\/\/www.kirpsukkamoves.fi\/wp-content\/uploads\/2018\/06\/kuulakirpuskka.jpg\"><img loading=\"lazy\" decoding=\"async\" class=\"size-medium wp-image-95 alignright\" src=\"http:\/\/www.kirpsukkamoves.fi\/wp-content\/uploads\/2018\/06\/kuulakirpuskka-300x300.jpg\" alt=\"\" width=\"300\" height=\"300\" srcset=\"https:\/\/www.kirpsukkamoves.fi\/wp-content\/uploads\/2018\/06\/kuulakirpuskka-300x300.jpg 300w, https:\/\/www.kirpsukkamoves.fi\/wp-content\/uploads\/2018\/06\/kuulakirpuskka-150x150.jpg 150w, https:\/\/www.kirpsukkamoves.fi\/wp-content\/uploads\/2018\/06\/kuulakirpuskka.jpg 469w\" sizes=\"auto, (max-width: 300px) 100vw, 300px\" \/><\/a><\/li>\n<\/ul>\n<h3 class=\"\" data-start=\"531\" data-end=\"571\">\ud83d\udd38<strong> Maksuvaihtoehdot<\/strong><\/h3>\n<ul>\n<li>K\u00e4teinen<\/li>\n<li>Pankkikortti \/ luottokortti<\/li>\n<li>Laskutus<\/li>\n<li>Smartum, Edenred, ePassi (Mobiili- tai verkkopalvelu)<br \/>\n<h3><\/h3>\n<h3 class=\"\" data-start=\"531\" data-end=\"571\">\ud83d\udd38<strong> TILAUSTUNNIT JA TAPAHTUMAOHJAUKSET<\/strong><\/h3>\n<p class=\"\" data-start=\"274\" data-end=\"529\">Etsitk\u00f6 hyv\u00e4n mielen liikuntahetke\u00e4 osaksi juhlaa, tapahtumaa tai ty\u00f6porukan p\u00e4iv\u00e4\u00e4? Kirpsukka Moves tarjoaa liikunnallista ohjelmaa rennolla otteella, vuosien kokemuksella \u2013 olipa kyseess\u00e4 sitten TYKY-p\u00e4iv\u00e4, syntt\u00e4rit, polttarit, h\u00e4\u00e4t tai muu juhlahetki.<\/p>\n<h3 class=\"\" data-start=\"531\" data-end=\"571\">\ud83d\udd38<strong> Yksitt\u00e4iset ohjaukset | Yritykset<\/strong><\/h3>\n<p class=\"\" data-start=\"573\" data-end=\"715\"><strong data-start=\"573\" data-end=\"602\">Hinnat alkaen 195 \u20ac + alv<\/strong><br data-start=\"602\" data-end=\"605\" \/>Hintaan vaikuttavat sijainti, ryhm\u00e4n koko, ohjauksen kesto sek\u00e4 mahdolliset tilavuokrat ja \u00e4\u00e4nentoistotarpeet.<\/p>\n<p class=\"\" data-start=\"717\" data-end=\"831\"><span data-start=\"720\" data-end=\"831\"><em>Esim. 60min Sointukylpy Kirpsukan sointumajassa max. 5 hl\u00f6 195\u20ac + alv.<br \/>\nEsim. 60 min Lavis-Lavatanssijumppa 20-40 henkil\u00f6lle alkaen 249\u20ac + alv.<br \/>\nEsim. 45 minuutin mukaansatempaava tanssillinen ohjelma 60\u201370 henkil\u00f6lle alkaen 495 \u20ac + alv. <\/em><\/span><\/p>\n<p class=\"\" data-start=\"833\" data-end=\"905\"><strong data-start=\"833\" data-end=\"905\">Pyyd\u00e4 tarjous \u2013 rakennetaan yhdess\u00e4 juuri teille sopiva kokonaisuus!<\/strong><\/p>\n<hr class=\"\" data-start=\"907\" data-end=\"910\" \/>\n<h3 class=\"\" data-start=\"912\" data-end=\"954\">\ud83d\udd38<strong> Viikoittaiset ohjaukset | Yritykset<\/strong><\/h3>\n<p class=\"\" data-start=\"956\" data-end=\"1111\"><strong data-start=\"956\" data-end=\"986\">Hinta 179 \u20ac \/ 60 min + alv<\/strong><br data-start=\"986\" data-end=\"989\" \/>S\u00e4\u00e4nn\u00f6llisesti toistuvat ryhm\u00e4liikuntatunnit ty\u00f6paikoille tai muuhun sovittuun tilaan. Sis\u00e4lt\u00e4\u00e4 suunnittelun ja ohjauksen.<\/p>\n<hr class=\"\" data-start=\"1113\" data-end=\"1116\" \/>\n<h3 class=\"\" data-start=\"1118\" data-end=\"1165\">\ud83d\udd38 <strong>Yksitt\u00e4iset ohjaukset | Henkil\u00f6asiakkaat<\/strong><\/h3>\n<p class=\"\" data-start=\"1167\" data-end=\"1359\"><strong data-start=\"1167\" data-end=\"1190\">Hinnat alkaen 195 \u20ac<\/strong><br data-start=\"1190\" data-end=\"1193\" \/>Syntt\u00e4rit, polttarit, yst\u00e4v\u00e4porukan yhteinen liikuntahetki&#8230; suunnittelen liikuntahetken toiveidenne mukaan. Hinta m\u00e4\u00e4r\u00e4ytyy ryhm\u00e4n koon, sijainnin ja keston mukaan.<\/p>\n<p class=\"\" data-start=\"1361\" data-end=\"1423\"><strong data-start=\"1361\" data-end=\"1423\">Kysy rohkeasti lis\u00e4\u00e4 tai pyyd\u00e4 tarjous \u2013 liikutaan ilolla!<\/strong><\/p>\n<\/li>\n<\/ul>\n","protected":false},"excerpt":{"rendered":"<p>Ryhm\u00e4liikuntahinnasto | Kirpsukka Moves \ud83d\udd38 Kirpsukka Moves ryhm\u00e4liikunta hinnasto kertamaksu 10\u20ac \/ 45-60 min kertamaksu 15\u20ac \/ 90 min Kymppikortti 85\u20ac (henkil\u00f6kohtainen, voimassaoloa ei rajoitettu) \ud83d\udd38 Maksuvaihtoehdot K\u00e4teinen Pankkikortti \/ luottokortti Laskutus Smartum, Edenred, ePassi (Mobiili- tai verkkopalvelu) \ud83d\udd38 TILAUSTUNNIT JA TAPAHTUMAOHJAUKSET Etsitk\u00f6 hyv\u00e4n mielen liikuntahetke\u00e4 osaksi juhlaa, tapahtumaa tai ty\u00f6porukan p\u00e4iv\u00e4\u00e4? Kirpsukka Moves tarjoaa<\/p><\/div>\n<div class=\"blog-btn\"><a href=\"https:\/\/www.kirpsukkamoves.fi\/?page_id=233\" class=\"home-blog-btn\">Lue lis\u00e4\u00e4<\/a><\/p>\n","protected":false},"author":1,"featured_media":0,"parent":0,"menu_order":5,"comment_status":"closed","ping_status":"closed","template":"","meta":{"footnotes":""},"class_list":["post-233","page","type-page","status-publish","hentry"],"_links":{"self":[{"href":"https:\/\/www.kirpsukkamoves.fi\/index.php?rest_route=\/wp\/v2\/pages\/233","targetHints":{"allow":["GET"]}}],"collection":[{"href":"https:\/\/www.kirpsukkamoves.fi\/index.php?rest_route=\/wp\/v2\/pages"}],"about":[{"href":"https:\/\/www.kirpsukkamoves.fi\/index.php?rest_route=\/wp\/v2\/types\/page"}],"author":[{"embeddable":true,"href":"https:\/\/www.kirpsukkamoves.fi\/index.php?rest_route=\/wp\/v2\/users\/1"}],"replies":[{"embeddable":true,"href":"https:\/\/www.kirpsukkamoves.fi\/index.php?rest_route=%2Fwp%2Fv2%2Fcomments&post=233"}],"version-history":[{"count":37,"href":"https:\/\/www.kirpsukkamoves.fi\/index.php?rest_route=\/wp\/v2\/pages\/233\/revisions"}],"predecessor-version":[{"id":2590,"href":"https:\/\/www.kirpsukkamoves.fi\/index.php?rest_route=\/wp\/v2\/pages\/233\/revisions\/2590"}],"wp:attachment":[{"href":"https:\/\/www.kirpsukkamoves.fi\/index.php?rest_route=%2Fwp%2Fv2%2Fmedia&parent=233"}],"curies":[{"name":"wp","href":"https:\/\/api.w.org\/{rel}","templated":true}]}}