{"id":1668,"date":"2023-07-21T12:58:21","date_gmt":"2023-07-21T12:58:21","guid":{"rendered":"http:\/\/www.kirpsukkamoves.fi\/?page_id=1668"},"modified":"2025-09-26T09:29:56","modified_gmt":"2025-09-26T09:29:56","slug":"aanimaljahoito","status":"publish","type":"page","link":"https:\/\/www.kirpsukkamoves.fi\/?page_id=1668","title":{"rendered":"Sointykylvyt (\u00c4\u00e4nimaljarentoutukset ja -hoidot)"},"content":{"rendered":"<title>\u00c4\u00e4nimaljarentoutukset ja -hoidot Kanta-H\u00e4meess\u00e4 | Kirpsukka Moves<\/title>\n<p><strong>\u00c4\u00e4nimaljahoito ja -rentoutus: 79\u20ac \/ 60min<\/strong><br \/><strong>Sointykylpy kahdelle: 99\u20ac \/ 60min<br \/>Sointykylpy kolmelle: 119\u20ac \/ 60min<br \/>Sointykylpy nelj\u00e4lle: 139\u20ac \/ 60min<br \/>Sointykylpy viidelle: 159\u20ac \/ 60min<\/strong><\/p>\n<p>Sointykylpy eli \u00e4\u00e4nimaljarentoutus on oivallinen tapa rentouttaa kehoa ja mielt\u00e4. \u00c4\u00e4nimalja on kaunissointuinen instrumentti, jota soitetaan joko hieromalla puisella kapulalla tai villasta huovutetulla iskimell\u00e4. \u00c4\u00e4nimaljojen lempe\u00e4 \u00e4\u00e4ni soi pitk\u00e4\u00e4n ja niiden soinnut rentouttavat ja rauhoittavat kehoa ja mielt\u00e4. \u00c4\u00e4nihieronta saa kehon yli sata triljoonaa solua v\u00e4r\u00e4htelem\u00e4\u00e4n. \u00c4\u00e4nimaljahoito tapahtuu makuuasennossa tai istuen. Kauniisti soivat maljat, hele\u00e4 Koshi-kello ja Sadeputki hoitavat mielt\u00e4 ja kehoasi. Maljoja soitetaan kehon ulkopuolella, mutta yksil\u00f6hoidossa my\u00f6s kehon p\u00e4\u00e4ll\u00e4. Soivan maljan v\u00e4rin\u00e4 hieroo kehosi joka solua ja rentouttaa mielt\u00e4.<\/p>\n<p>Varauskalenterista voit varata Sointykylpy ajan itsellesi tai vaikka max. viidelle hengelle. T\u00e4m\u00e4 on oiva mahdollisuus tulla rentoutumaan vaikka yst\u00e4v\u00e4n kanssa tai yst\u00e4vien. Kenet sin\u00e4 ottaisit mukaan rentoutumaan? Puolisosi? Tytt\u00e4resi? Tervetuloa!<\/p>\n<p>Syksy ja talviaikaan hyvinvointihoidot tehd\u00e4\u00e4n kotimme viihtyis\u00e4ss\u00e4 hoitotilaksi muutetussa takkahuoneessa. Kes\u00e4aikaan voit valita hoidot teht\u00e4v\u00e4ksi my\u00f6s pihamme viihtyis\u00e4ss\u00e4 Soitumajassa, suuren tammen alla tai vanhan pihasaunamme (1800 luku) saunakamarissa. Pukeudu hoitoon tullessasi mukaviin vaatteisiin. Minulta saat halutessasi k\u00e4ytt\u00f6\u00f6si tyynyj\u00e4 ja peiton.<\/p>\n<p>Kirpsukka Moves Vello Ajanvarauskalenteri: <a href=\"http:\/\/www.vello.fi\/kirpsukkamoves\" target=\"_blank\" rel=\"noreferrer noopener\" data-type=\"URL\" data-id=\"www.vello.fi\/kirpsukkamoves\">www.vello.fi\/kirpsukkamoves<\/a><br \/>Kiipulantie 49, Turenki. Autosi voit parkkeerata pihaamme.<\/p>\n\n\n<p>Jos kalenterista ei l\u00f6ydy sinulle sopivaa aikaa, niin ole rohkeasti minuun yhteydess\u00e4 s\u00e4hk\u00f6postitse tai puhelimitse. Varmasti l\u00f6yd\u00e4mme sinulle sopivan hemmotteluajan.<br>kirsi@kirpsukkamoves.fi \/ 040 58 21 789<\/p>\n\n\n\n<p><strong>HUOM! <\/strong>Osallistumiselle ei yleens\u00e4 ole mit\u00e4\u00e4n esteit\u00e4, mutta jos sinulla on kehossa metallia tai k\u00e4rsit \u00e4\u00e4niyliherkkyydest\u00e4, niin joskus \u00e4\u00e4nimaljojen \u00e4\u00e4ni voi tuntua liian voimakkaalta. <\/p>\n\n\n\n<p><\/p>\n\n\n\n<figure class=\"wp-block-image size-full\"><a href=\"http:\/\/www.kirpsukkamoves.fi\/wp-content\/uploads\/2023\/06\/maljat.jpg\"><img loading=\"lazy\" decoding=\"async\" width=\"827\" height=\"822\" src=\"http:\/\/www.kirpsukkamoves.fi\/wp-content\/uploads\/2023\/06\/maljat.jpg\" alt=\"\" class=\"wp-image-1601\" srcset=\"https:\/\/www.kirpsukkamoves.fi\/wp-content\/uploads\/2023\/06\/maljat.jpg 827w, https:\/\/www.kirpsukkamoves.fi\/wp-content\/uploads\/2023\/06\/maljat-300x298.jpg 300w, https:\/\/www.kirpsukkamoves.fi\/wp-content\/uploads\/2023\/06\/maljat-150x150.jpg 150w, https:\/\/www.kirpsukkamoves.fi\/wp-content\/uploads\/2023\/06\/maljat-768x763.jpg 768w\" sizes=\"auto, (max-width: 827px) 100vw, 827px\" \/><\/a><\/figure>\n","protected":false},"excerpt":{"rendered":"<p>\u00c4\u00e4nimaljarentoutukset ja -hoidot Kanta-H\u00e4meess\u00e4 | Kirpsukka Moves \u00c4\u00e4nimaljahoito ja -rentoutus: 79\u20ac \/ 60minSointykylpy kahdelle: 99\u20ac \/ 60minSointykylpy kolmelle: 119\u20ac \/ 60minSointykylpy nelj\u00e4lle: 139\u20ac \/ 60minSointykylpy viidelle: 159\u20ac \/ 60min Sointykylpy eli \u00e4\u00e4nimaljarentoutus on oivallinen tapa rentouttaa kehoa ja mielt\u00e4. \u00c4\u00e4nimalja on kaunissointuinen instrumentti, jota soitetaan joko hieromalla puisella kapulalla tai villasta huovutetulla iskimell\u00e4. \u00c4\u00e4nimaljojen lempe\u00e4<\/p><\/div>\n<div class=\"blog-btn\"><a href=\"https:\/\/www.kirpsukkamoves.fi\/?page_id=1668\" class=\"home-blog-btn\">Lue lis\u00e4\u00e4<\/a><\/p>\n","protected":false},"author":1,"featured_media":0,"parent":0,"menu_order":0,"comment_status":"closed","ping_status":"closed","template":"","meta":{"footnotes":""},"class_list":["post-1668","page","type-page","status-publish","hentry"],"_links":{"self":[{"href":"https:\/\/www.kirpsukkamoves.fi\/index.php?rest_route=\/wp\/v2\/pages\/1668","targetHints":{"allow":["GET"]}}],"collection":[{"href":"https:\/\/www.kirpsukkamoves.fi\/index.php?rest_route=\/wp\/v2\/pages"}],"about":[{"href":"https:\/\/www.kirpsukkamoves.fi\/index.php?rest_route=\/wp\/v2\/types\/page"}],"author":[{"embeddable":true,"href":"https:\/\/www.kirpsukkamoves.fi\/index.php?rest_route=\/wp\/v2\/users\/1"}],"replies":[{"embeddable":true,"href":"https:\/\/www.kirpsukkamoves.fi\/index.php?rest_route=%2Fwp%2Fv2%2Fcomments&post=1668"}],"version-history":[{"count":19,"href":"https:\/\/www.kirpsukkamoves.fi\/index.php?rest_route=\/wp\/v2\/pages\/1668\/revisions"}],"predecessor-version":[{"id":2583,"href":"https:\/\/www.kirpsukkamoves.fi\/index.php?rest_route=\/wp\/v2\/pages\/1668\/revisions\/2583"}],"wp:attachment":[{"href":"https:\/\/www.kirpsukkamoves.fi\/index.php?rest_route=%2Fwp%2Fv2%2Fmedia&parent=1668"}],"curies":[{"name":"wp","href":"https:\/\/api.w.org\/{rel}","templated":true}]}}