{"id":1665,"date":"2023-07-21T12:56:31","date_gmt":"2023-07-21T12:56:31","guid":{"rendered":"http:\/\/www.kirpsukkamoves.fi\/?page_id=1665"},"modified":"2025-09-26T09:27:04","modified_gmt":"2025-09-26T09:27:04","slug":"hyvinvointihoidot","status":"publish","type":"page","link":"https:\/\/www.kirpsukkamoves.fi\/?page_id=1665","title":{"rendered":"Hyvinvointi"},"content":{"rendered":"<title>Hyvintointi: \u00c4\u00e4nimaljarentoutus, intialainen p\u00e4\u00e4hieronta ja kuumakivihieronta | Kirpsukka Moves<\/title>\n<p><strong>\u00c4\u00e4nimaljarentoutus<br>\u00c4\u00e4nimaljahoito<br>Intialainen p\u00e4\u00e4nhieronta<br>Kuumakivihoito<\/strong><\/p>\n\n\n\n<p>Syksy ja talviaikaan hyvinvointihoidot tehd\u00e4\u00e4n kotimme viihtyis\u00e4ss\u00e4 hoitotilaksi muutetussa takkahuoneessa. Kes\u00e4aikaan voit valita hoidot teht\u00e4v\u00e4ksi my\u00f6s pihamme viihtyis\u00e4ss\u00e4 Soitumajassa, suuren tammen alla tai vanhan pihasaunamme (1800 luku) saunakamarissa.<\/p>\n\n\n\n<p><br><\/p>\n\n\n\n<figure class=\"wp-block-image size-full\"><a href=\"http:\/\/www.kirpsukkamoves.fi\/wp-content\/uploads\/2023\/10\/Nayttokuva-2023-10-26-131922.png\"><img loading=\"lazy\" decoding=\"async\" width=\"822\" height=\"820\" src=\"http:\/\/www.kirpsukkamoves.fi\/wp-content\/uploads\/2023\/10\/Nayttokuva-2023-10-26-131922.png\" alt=\"\" class=\"wp-image-1808\" srcset=\"https:\/\/www.kirpsukkamoves.fi\/wp-content\/uploads\/2023\/10\/Nayttokuva-2023-10-26-131922.png 822w, https:\/\/www.kirpsukkamoves.fi\/wp-content\/uploads\/2023\/10\/Nayttokuva-2023-10-26-131922-300x300.png 300w, https:\/\/www.kirpsukkamoves.fi\/wp-content\/uploads\/2023\/10\/Nayttokuva-2023-10-26-131922-150x150.png 150w, https:\/\/www.kirpsukkamoves.fi\/wp-content\/uploads\/2023\/10\/Nayttokuva-2023-10-26-131922-768x766.png 768w\" sizes=\"auto, (max-width: 822px) 100vw, 822px\" \/><\/a><figcaption class=\"wp-element-caption\">Sointumaja<\/figcaption><\/figure>\n\n\n\n<figure class=\"wp-block-image size-large\"><a href=\"http:\/\/www.kirpsukkamoves.fi\/wp-content\/uploads\/2023\/10\/IMG20231026124947-scaled.jpg\"><img loading=\"lazy\" decoding=\"async\" width=\"576\" height=\"1024\" src=\"http:\/\/www.kirpsukkamoves.fi\/wp-content\/uploads\/2023\/10\/IMG20231026124947-576x1024.jpg\" alt=\"\" class=\"wp-image-1797\" srcset=\"https:\/\/www.kirpsukkamoves.fi\/wp-content\/uploads\/2023\/10\/IMG20231026124947-576x1024.jpg 576w, https:\/\/www.kirpsukkamoves.fi\/wp-content\/uploads\/2023\/10\/IMG20231026124947-169x300.jpg 169w, https:\/\/www.kirpsukkamoves.fi\/wp-content\/uploads\/2023\/10\/IMG20231026124947-768x1365.jpg 768w, https:\/\/www.kirpsukkamoves.fi\/wp-content\/uploads\/2023\/10\/IMG20231026124947-864x1536.jpg 864w, https:\/\/www.kirpsukkamoves.fi\/wp-content\/uploads\/2023\/10\/IMG20231026124947-1152x2048.jpg 1152w, https:\/\/www.kirpsukkamoves.fi\/wp-content\/uploads\/2023\/10\/IMG20231026124947-scaled.jpg 1440w\" sizes=\"auto, (max-width: 576px) 100vw, 576px\" \/><\/a><figcaption class=\"wp-element-caption\">Takkahuone<\/figcaption><\/figure>\n\n\n\n<figure class=\"wp-block-image size-large\"><a href=\"http:\/\/www.kirpsukkamoves.fi\/wp-content\/uploads\/2023\/10\/Screenshot_2023-10-26-13-10-20-03_965bbf4d18d205f782c6b8409c5773a4-e1698315191158.jpg\"><img loading=\"lazy\" decoding=\"async\" width=\"556\" height=\"1024\" src=\"http:\/\/www.kirpsukkamoves.fi\/wp-content\/uploads\/2023\/10\/Screenshot_2023-10-26-13-10-20-03_965bbf4d18d205f782c6b8409c5773a4-e1698315191158-556x1024.jpg\" alt=\"\" class=\"wp-image-1803\" srcset=\"https:\/\/www.kirpsukkamoves.fi\/wp-content\/uploads\/2023\/10\/Screenshot_2023-10-26-13-10-20-03_965bbf4d18d205f782c6b8409c5773a4-e1698315191158-556x1024.jpg 556w, https:\/\/www.kirpsukkamoves.fi\/wp-content\/uploads\/2023\/10\/Screenshot_2023-10-26-13-10-20-03_965bbf4d18d205f782c6b8409c5773a4-e1698315191158-163x300.jpg 163w, https:\/\/www.kirpsukkamoves.fi\/wp-content\/uploads\/2023\/10\/Screenshot_2023-10-26-13-10-20-03_965bbf4d18d205f782c6b8409c5773a4-e1698315191158-768x1413.jpg 768w, https:\/\/www.kirpsukkamoves.fi\/wp-content\/uploads\/2023\/10\/Screenshot_2023-10-26-13-10-20-03_965bbf4d18d205f782c6b8409c5773a4-e1698315191158-835x1536.jpg 835w, https:\/\/www.kirpsukkamoves.fi\/wp-content\/uploads\/2023\/10\/Screenshot_2023-10-26-13-10-20-03_965bbf4d18d205f782c6b8409c5773a4-e1698315191158.jpg 1052w\" sizes=\"auto, (max-width: 556px) 100vw, 556px\" \/><\/a><figcaption class=\"wp-element-caption\">Vanhan pihasaunan kamari<\/figcaption><\/figure>\n\n\n\n<figure class=\"wp-block-image size-large\"><a href=\"http:\/\/www.kirpsukkamoves.fi\/wp-content\/uploads\/2023\/10\/Screenshot_2023-10-26-13-09-29-93_965bbf4d18d205f782c6b8409c5773a4-e1698315268569.jpg\"><img loading=\"lazy\" decoding=\"async\" width=\"582\" height=\"1024\" src=\"http:\/\/www.kirpsukkamoves.fi\/wp-content\/uploads\/2023\/10\/Screenshot_2023-10-26-13-09-29-93_965bbf4d18d205f782c6b8409c5773a4-e1698315268569-582x1024.jpg\" alt=\"\" class=\"wp-image-1806\" srcset=\"https:\/\/www.kirpsukkamoves.fi\/wp-content\/uploads\/2023\/10\/Screenshot_2023-10-26-13-09-29-93_965bbf4d18d205f782c6b8409c5773a4-e1698315268569-582x1024.jpg 582w, https:\/\/www.kirpsukkamoves.fi\/wp-content\/uploads\/2023\/10\/Screenshot_2023-10-26-13-09-29-93_965bbf4d18d205f782c6b8409c5773a4-e1698315268569-171x300.jpg 171w, https:\/\/www.kirpsukkamoves.fi\/wp-content\/uploads\/2023\/10\/Screenshot_2023-10-26-13-09-29-93_965bbf4d18d205f782c6b8409c5773a4-e1698315268569-768x1351.jpg 768w, https:\/\/www.kirpsukkamoves.fi\/wp-content\/uploads\/2023\/10\/Screenshot_2023-10-26-13-09-29-93_965bbf4d18d205f782c6b8409c5773a4-e1698315268569-873x1536.jpg 873w, https:\/\/www.kirpsukkamoves.fi\/wp-content\/uploads\/2023\/10\/Screenshot_2023-10-26-13-09-29-93_965bbf4d18d205f782c6b8409c5773a4-e1698315268569.jpg 1080w\" sizes=\"auto, (max-width: 582px) 100vw, 582px\" \/><\/a><figcaption class=\"wp-element-caption\">Pihan suuri tammi<\/figcaption><\/figure>\n","protected":false},"excerpt":{"rendered":"<p>Hyvintointi: \u00c4\u00e4nimaljarentoutus, intialainen p\u00e4\u00e4hieronta ja kuumakivihieronta | Kirpsukka Moves \u00c4\u00e4nimaljarentoutus\u00c4\u00e4nimaljahoitoIntialainen p\u00e4\u00e4nhierontaKuumakivihoito Syksy ja talviaikaan hyvinvointihoidot tehd\u00e4\u00e4n kotimme viihtyis\u00e4ss\u00e4 hoitotilaksi muutetussa takkahuoneessa. Kes\u00e4aikaan voit valita hoidot teht\u00e4v\u00e4ksi my\u00f6s pihamme viihtyis\u00e4ss\u00e4 Soitumajassa, suuren tammen alla tai vanhan pihasaunamme (1800 luku) saunakamarissa.<\/p>\n","protected":false},"author":1,"featured_media":0,"parent":0,"menu_order":0,"comment_status":"closed","ping_status":"closed","template":"","meta":{"footnotes":""},"class_list":["post-1665","page","type-page","status-publish","hentry"],"_links":{"self":[{"href":"https:\/\/www.kirpsukkamoves.fi\/index.php?rest_route=\/wp\/v2\/pages\/1665","targetHints":{"allow":["GET"]}}],"collection":[{"href":"https:\/\/www.kirpsukkamoves.fi\/index.php?rest_route=\/wp\/v2\/pages"}],"about":[{"href":"https:\/\/www.kirpsukkamoves.fi\/index.php?rest_route=\/wp\/v2\/types\/page"}],"author":[{"embeddable":true,"href":"https:\/\/www.kirpsukkamoves.fi\/index.php?rest_route=\/wp\/v2\/users\/1"}],"replies":[{"embeddable":true,"href":"https:\/\/www.kirpsukkamoves.fi\/index.php?rest_route=%2Fwp%2Fv2%2Fcomments&post=1665"}],"version-history":[{"count":8,"href":"https:\/\/www.kirpsukkamoves.fi\/index.php?rest_route=\/wp\/v2\/pages\/1665\/revisions"}],"predecessor-version":[{"id":2578,"href":"https:\/\/www.kirpsukkamoves.fi\/index.php?rest_route=\/wp\/v2\/pages\/1665\/revisions\/2578"}],"wp:attachment":[{"href":"https:\/\/www.kirpsukkamoves.fi\/index.php?rest_route=%2Fwp%2Fv2%2Fmedia&parent=1665"}],"curies":[{"name":"wp","href":"https:\/\/api.w.org\/{rel}","templated":true}]}}